{"id":526,"date":"2021-10-22T13:30:13","date_gmt":"2021-10-22T12:30:13","guid":{"rendered":"https:\/\/www.psykedeliskpraksis.dk\/?page_id=526"},"modified":"2021-11-04T16:50:40","modified_gmt":"2021-11-04T15:50:40","slug":"psychonautics-101","status":"publish","type":"page","link":"https:\/\/www.psykedeliskpraksis.dk\/index.php\/psychonautics-101\/","title":{"rendered":"Psychonautics 101"},"content":{"rendered":"\n<div class=\"wp-block-cover\"><img loading=\"lazy\" decoding=\"async\" width=\"1400\" height=\"732\" class=\"wp-block-cover__image-background wp-image-530\" alt=\"\" src=\"https:\/\/www.psykedeliskpraksis.dk\/wp-content\/uploads\/2021\/11\/ChangaAscension-2.jpg\" data-object-fit=\"cover\" srcset=\"https:\/\/www.psykedeliskpraksis.dk\/wp-content\/uploads\/2021\/11\/ChangaAscension-2.jpg 1400w, https:\/\/www.psykedeliskpraksis.dk\/wp-content\/uploads\/2021\/11\/ChangaAscension-2-300x157.jpg 300w, https:\/\/www.psykedeliskpraksis.dk\/wp-content\/uploads\/2021\/11\/ChangaAscension-2-1024x535.jpg 1024w, https:\/\/www.psykedeliskpraksis.dk\/wp-content\/uploads\/2021\/11\/ChangaAscension-2-768x402.jpg 768w\" sizes=\"auto, (max-width: 1400px) 100vw, 1400px\" \/><div class=\"wp-block-cover__inner-container is-layout-flow wp-block-cover-is-layout-flow\">\n<p class=\"has-text-align-center has-large-font-size\"><\/p>\n<\/div><\/div>\n\n\n\n<div class=\"wp-block-themeisle-blocks-advanced-columns has-2-columns has-desktop-twoOne-layout has-tablet-equal-layout has-mobile-collapsedRows-layout has-default-gap has-vertical-unset\" id=\"wp-block-themeisle-blocks-advanced-columns-7e8b241e\"><div class=\"wp-block-themeisle-blocks-advanced-columns-overlay\"><\/div><div class=\"innerblocks-wrap\">\n<div class=\"wp-block-themeisle-blocks-advanced-column\" id=\"wp-block-themeisle-blocks-advanced-column-e5147b07\">\n<p><em>Dette er et grundl\u00e6ggende kursus i &#8220;psykonautik&#8221;, hvor vi bygger et solidt fundament for at navigere i udvidede bevidsthedstilstande ved at komme omkring mindfulness, kropsbevidsthed, ceremoni, breathwork, teori omkring psykedelika og mikrodosering, mv. Direkte brug af psykedelika indg\u00e5r ikke i kurset, men intentionen er at kl\u00e6de deltagerne godt p\u00e5 til egne videre udforskninger. <\/em><\/p>\n\n\n\n<p><em>Udover undervisning og nyttige teknikker, er intentionen ogs\u00e5 at skabe en st\u00e6rk og tryg forbindelse i gruppen imellem, s\u00e5 vores personlige rejse som individer og gruppe ogs\u00e5 er en del af forl\u00f8bet. Det foreg\u00e5r i <a href=\"http:\/\/hver 2. uge fra november til marts.\">Relational Spaces<\/a> i K\u00f8benhavn over 8 sessioner (hver 2. uge) fra november til marts. Kursus beskrivelsen er skrevet p\u00e5 engelsk, men hvis alle deltagere taler dansk, vil det v\u00e6re det officielle sprog.<\/em><\/p>\n\n\n\n<p><strong>ABOUT THIS COURSE<\/strong><br>A fish in the sea may have no concept of \u201dwater\u201d, since it simply constitutes the world it inhabits. Yet, the quality of the water is fundamental to its well-being. Similarly, consciousness itself is foundational to all our human experences, and we can live our lives without giving a second thought to the arena in which they are manifested. Many challenges of the human condition, such as depression or lack of meaning, are essentially problems of consciousness. However, by developing awareness of and learning to navigate in one\u2019s own consciousness it is possible to achieve a great sense of well-being, freedom, and a sense of meaning. \u201cPsychonautics\u201d imply these practices or psychotechnologies broadly.<\/p>\n\n\n\n<p>Consciousness practices are at the core of many spiritual traditions. Meditation and contemplative practices cultivate insight into the nature of consciousness itself. Since the mind and body is a unified field, physically based practices like yoga or qi gong also have profound effects on consciousness. Other methods like breathwork, shamanic journeying or psychoactive plant medicines can induce non-ordinary and even mystical states of consciousness, with the potential for extraordinary healing, insight and spiritual growth.<\/p>\n\n\n\n<p>The course will provide a foundation and overview to intentionally and safely explore and cultivate consciousness.<\/p>\n\n\n\n<p><strong>Participants will develop:<\/strong><br>\u2013 Essential practices of mindfulness meditation and body awareness, useful for centering oneself in psychonautic explorations and life in general<br>\u2013 Direct experience in naturally achieved non-ordinary states of consciousness through breathwork, guided meditation and cacao ceremony<br>\u2013 Theoretical understanding of tools such as plant medicines, their history and cultural frameworks, and how to explore this path responsibly and ethically<br>\u2013 Knowledge of safety precautions and essential frameworks for anchoring and integrating non-ordinary experiences<br>\u2013 Direct personal experience with altered states consciousness through breathwork, guided meditation and cacao ceremony<br>\u2013 A network of like-minded peers to provide mutual support and reflection<\/p>\n\n\n\n<p><strong>PRACTICAL INFO <\/strong><\/p>\n\n\n\n<p>The course also serves as a framework for participants to reflect on our life journeys with like-minded peers in a safe and confidential space. In addition to the group sessions, each participant is offered a private counseling session for personal, 1-to-1 guidance about your psychonautic journey. The course will take place over 4 months, in 8 bi-weekly sessions on Wednesday evenings (typically 18 to 21) in even-numbered weeks. <\/p>\n\n\n\n<p><strong>DATES <\/strong><br>17.11 | 01.12 | 15.12 | 12.01 | 26.01 | 09.02 | 23.02 | 09.03<\/p>\n\n\n\n<p><strong>ADMISSION FEE<\/strong><br>Price: 3200 DKK<br> &#8211; Discounts for members of Relational Spaces (10%)<br> &#8211; And for members of Psykedelisk Samfund (500 kr discount)<br>(<a href=\"https:\/\/psykedelisksamfund.dk\/produkt\/aarligt-medlemsskab\">members<\/a> can <a href=\"https:\/\/psykedelisksamfund.dk\/min-konto\">log in<\/a> to see how to redeem the discount <a href=\"https:\/\/psykedelisksamfund.dk\/medlemsrum\">here<\/a>)<\/p>\n\n\n\n<p><strong>BOOKING<\/strong><br>You can book your spot through Relational Spaces here:<br><a href=\"https:\/\/www.relationalspaces.dk\/courses\/psychonautics-101\/\">https:\/\/www.relationalspaces.dk\/courses\/psychonautics-101\/<\/a><\/p>\n\n\n\n<p>Or feel free to contact me at kontakt@psykedeliskpraksis.dk<\/p>\n\n\n\n<p>\/ Martin Kufahl<\/p>\n<\/div>\n\n\n\n<div class=\"wp-block-themeisle-blocks-advanced-column\" id=\"wp-block-themeisle-blocks-advanced-column-3658519a\"><\/div>\n<\/div><\/div>\n","protected":false},"excerpt":{"rendered":"","protected":false},"author":1,"featured_media":530,"parent":0,"menu_order":0,"comment_status":"closed","ping_status":"closed","template":"","meta":{"neve_meta_sidebar":"full-width","neve_meta_container":"","neve_meta_enable_content_width":"on","neve_meta_content_width":100,"neve_meta_title_alignment":"","neve_meta_author_avatar":"","neve_post_elements_order":"","neve_meta_disable_header":"","neve_meta_disable_footer":"","neve_meta_disable_title":"","footnotes":""},"class_list":["post-526","page","type-page","status-publish","has-post-thumbnail","hentry"],"_links":{"self":[{"href":"https:\/\/www.psykedeliskpraksis.dk\/index.php\/wp-json\/wp\/v2\/pages\/526","targetHints":{"allow":["GET"]}}],"collection":[{"href":"https:\/\/www.psykedeliskpraksis.dk\/index.php\/wp-json\/wp\/v2\/pages"}],"about":[{"href":"https:\/\/www.psykedeliskpraksis.dk\/index.php\/wp-json\/wp\/v2\/types\/page"}],"author":[{"embeddable":true,"href":"https:\/\/www.psykedeliskpraksis.dk\/index.php\/wp-json\/wp\/v2\/users\/1"}],"replies":[{"embeddable":true,"href":"https:\/\/www.psykedeliskpraksis.dk\/index.php\/wp-json\/wp\/v2\/comments?post=526"}],"version-history":[{"count":9,"href":"https:\/\/www.psykedeliskpraksis.dk\/index.php\/wp-json\/wp\/v2\/pages\/526\/revisions"}],"predecessor-version":[{"id":544,"href":"https:\/\/www.psykedeliskpraksis.dk\/index.php\/wp-json\/wp\/v2\/pages\/526\/revisions\/544"}],"wp:featuredmedia":[{"embeddable":true,"href":"https:\/\/www.psykedeliskpraksis.dk\/index.php\/wp-json\/wp\/v2\/media\/530"}],"wp:attachment":[{"href":"https:\/\/www.psykedeliskpraksis.dk\/index.php\/wp-json\/wp\/v2\/media?parent=526"}],"curies":[{"name":"wp","href":"https:\/\/api.w.org\/{rel}","templated":true}]}}