{"id":307,"date":"2020-01-13T11:17:52","date_gmt":"2020-01-13T10:17:52","guid":{"rendered":"https:\/\/demosites.io\/web-agency-gb\/?page_id=5"},"modified":"2023-05-27T03:04:46","modified_gmt":"2023-05-27T02:04:46","slug":"mainpage","status":"publish","type":"page","link":"https:\/\/www.psykedeliskpraksis.dk\/","title":{"rendered":"Psykedelisk Praksis"},"content":{"rendered":"\n<div class=\"wp-block-cover alignfull\" style=\"min-height:780px;aspect-ratio:unset;\"><span aria-hidden=\"true\" class=\"wp-block-cover__background has-background-dim-0 has-background-dim\"><\/span><img loading=\"lazy\" decoding=\"async\" width=\"2560\" height=\"1920\" class=\"wp-block-cover__image-background wp-image-321\" alt=\"\" src=\"https:\/\/www.psykedeliskpraksis.dk\/wp-content\/uploads\/2021\/06\/698A1037-scaled.jpg\" style=\"object-position:55% 54%\" data-object-fit=\"cover\" data-object-position=\"55% 54%\" srcset=\"https:\/\/www.psykedeliskpraksis.dk\/wp-content\/uploads\/2021\/06\/698A1037-scaled.jpg 2560w, https:\/\/www.psykedeliskpraksis.dk\/wp-content\/uploads\/2021\/06\/698A1037-300x225.jpg 300w, https:\/\/www.psykedeliskpraksis.dk\/wp-content\/uploads\/2021\/06\/698A1037-1024x768.jpg 1024w, https:\/\/www.psykedeliskpraksis.dk\/wp-content\/uploads\/2021\/06\/698A1037-768x576.jpg 768w, https:\/\/www.psykedeliskpraksis.dk\/wp-content\/uploads\/2021\/06\/698A1037-1536x1152.jpg 1536w, https:\/\/www.psykedeliskpraksis.dk\/wp-content\/uploads\/2021\/06\/698A1037-2048x1536.jpg 2048w\" sizes=\"auto, (max-width: 2560px) 100vw, 2560px\" \/><div class=\"wp-block-cover__inner-container is-layout-flow wp-block-cover-is-layout-flow\">\n<h1 class=\"wp-block-heading alignwide has-text-align-center has-nv-site-bg-color has-text-color\" style=\"font-size:58px\"><\/h1>\n<\/div><\/div>\n\n\n\n<p class=\"has-text-align-center has-neve-link-color-color has-text-color has-medium-font-size\"><br><br><em>To me, the principal challenge of psychedelics is how to <\/em><br><em>bring the enlightening experience of unity into the nitty-gritty<\/em><br><em>here-and-now of day and night and men and women. <br>For that we need a great deal more than psychedelics. <br>Godspeed on your venture.<br><\/em> &#8211; Ralph Metzner, 1971<\/p>\n\n\n\n<hr class=\"wp-block-separator has-alpha-channel-opacity\"\/>\n\n\n\n<div class=\"wp-block-columns is-layout-flex wp-container-core-columns-is-layout-9d6595d7 wp-block-columns-is-layout-flex\">\n<div class=\"wp-block-column is-layout-flow wp-block-column-is-layout-flow\">\n<p>Der er mange forskellige traditioner og tilgange der anvender bevidsthedsudvidende midler i terapeutiske og ceremonielle \u00f8jemed. Med <em>praksis<\/em> henvises generelt til s\u00e5dan et virke, der typisk har en tradition, kultur og h\u00e5ndv\u00e6rk bag sig. For eksempel:<\/p>\n\n\n\n<ul class=\"wp-block-list\">\n<li><strong>Psykedelisk terapi<\/strong><br>\u2013 psykedeliske sessioner indlejret i et terapeutisk forl\u00f8b. Unders\u00f8gt i kliniske studier fra Imperial College, Johns Hopkins osv., med gode resultater for depression, d\u00f8dsangst, afh\u00e6ngighed og mange andre psykiske komplikationer.<\/li>\n\n\n\n<li><strong>Ceremonier<\/strong><br>\u2013 Ayahuasca, psilocybinsvampe, peyote og andre plantemediciner. Ofte forankret i en tradition fra indf\u00f8dte kulturer i Mellem- eller Sydamerika.<\/li>\n\n\n\n<li><strong>Personlige udforskninger<\/strong><br>\u2013 Individer eller gruppers egne unders\u00f8gelser af bevidsthed, drevet af et \u00f8nske om heling, personlig\/\u00e5ndelig udvikling, eller blot nysgerrighed eller interesse for bevidsthed og ikke-ordin\u00e6re tilstande og oplevelser.<\/li>\n<\/ul>\n<\/div>\n\n\n\n<div class=\"wp-block-column is-layout-flow wp-block-column-is-layout-flow\" style=\"flex-basis:360px\"><div class=\"wp-block-image\">\n<figure class=\"alignright size-full\"><img loading=\"lazy\" decoding=\"async\" width=\"351\" height=\"449\" src=\"https:\/\/www.psykedeliskpraksis.dk\/wp-content\/uploads\/2021\/06\/Bee-Shaman.png\" alt=\"\" class=\"wp-image-451\" srcset=\"https:\/\/www.psykedeliskpraksis.dk\/wp-content\/uploads\/2021\/06\/Bee-Shaman.png 351w, https:\/\/www.psykedeliskpraksis.dk\/wp-content\/uploads\/2021\/06\/Bee-Shaman-235x300.png 235w\" sizes=\"auto, (max-width: 351px) 100vw, 351px\" \/><\/figure>\n<\/div><\/div>\n<\/div>\n\n\n\n<div style=\"height:20px\" aria-hidden=\"true\" class=\"wp-block-spacer\"><\/div>\n\n\n\n<div class=\"wp-block-cover alignfull\" style=\"min-height:879px;aspect-ratio:unset;\"><span aria-hidden=\"true\" class=\"wp-block-cover__background has-nv-text-dark-bg-background-color has-background-dim-100 has-background-dim\"><\/span><div class=\"wp-block-cover__inner-container is-layout-flow wp-block-cover-is-layout-flow\">\n<div class=\"wp-block-group\"><div class=\"wp-block-group__inner-container is-layout-flow wp-block-group-is-layout-flow\">\n<div class=\"wp-block-columns are-vertically-aligned-center is-layout-flex wp-container-core-columns-is-layout-9d6595d7 wp-block-columns-is-layout-flex\">\n<div class=\"wp-block-column is-vertically-aligned-center is-layout-flow wp-block-column-is-layout-flow\" style=\"flex-basis:50%\">\n<figure class=\"wp-block-image size-large is-resized\"><img loading=\"lazy\" decoding=\"async\" src=\"https:\/\/www.psykedeliskpraksis.dk\/wp-content\/uploads\/2021\/06\/698A1462-683x1024.jpg\" alt=\"\" class=\"wp-image-358\" width=\"487\" height=\"730\" srcset=\"https:\/\/www.psykedeliskpraksis.dk\/wp-content\/uploads\/2021\/06\/698A1462-683x1024.jpg 683w, https:\/\/www.psykedeliskpraksis.dk\/wp-content\/uploads\/2021\/06\/698A1462-200x300.jpg 200w, https:\/\/www.psykedeliskpraksis.dk\/wp-content\/uploads\/2021\/06\/698A1462-768x1152.jpg 768w, https:\/\/www.psykedeliskpraksis.dk\/wp-content\/uploads\/2021\/06\/698A1462-1024x1536.jpg 1024w, https:\/\/www.psykedeliskpraksis.dk\/wp-content\/uploads\/2021\/06\/698A1462-1365x2048.jpg 1365w, https:\/\/www.psykedeliskpraksis.dk\/wp-content\/uploads\/2021\/06\/698A1462-scaled.jpg 1707w\" sizes=\"auto, (max-width: 487px) 100vw, 487px\" \/><\/figure>\n<\/div>\n\n\n\n<div class=\"wp-block-column is-vertically-aligned-center is-layout-flow wp-block-column-is-layout-flow\" style=\"flex-basis:50%\">\n<h2 class=\"wp-block-heading has-text-align-center has-neve-text-color-color has-text-color\"><em>Hvem er jeg?<\/em><\/h2>\n\n\n\n<p class=\"has-text-align-left has-neve-text-color-color has-text-color\" style=\"font-size:17px\">Jeg hedder <strong>Martin Kufahl<\/strong>, og har over et \u00e5rtis erfaring med psykedelisk praksis igennem en bred vifte af modaliteter. Jeg har erfaret at disse praksisser kan bevirke kvantespring i vores forst\u00e5else af os selv, vores relation til universet, og til det guddommelige, og tilbyder min erfaring i at g\u00e5 ad denne vej. <\/p>\n\n\n\n<p class=\"has-neve-link-color-color has-text-color\">Jeg er uddannet kropsterapeut, aktivist i den psykedeliske ren\u00e6ssance, har en naturvidenskabelig baggrund (Cand. Scient. i Nanoscience), og har en personlig erfaring med psykedelika b\u00e5de fra et videnskabeligt og personligt erfaringsm\u00e6ssigt perspektiv &#8211; fra nysgerrighedens unders\u00f8gelser, over hellige sakramenter i traditionelle ceremonier, til den terapeutiske anvendelse.<\/p>\n\n\n\n<p class=\"has-text-align-left has-neve-text-color-color has-text-color\" style=\"font-size:17px\">Her kan du l\u00e6se min personlige historie, hvilken rolle psykedelika har spillet, og mit grundlag for at tilbyde psykedelisk vejledning.<\/p>\n\n\n\n<div class=\"wp-block-buttons is-horizontal is-content-justification-left is-layout-flex wp-container-core-buttons-is-layout-7e5fce0a wp-block-buttons-is-layout-flex\">\n<div class=\"wp-block-button is-style-primary\"><a class=\"wp-block-button__link wp-element-button\" href=\"https:\/\/www.psykedeliskpraksis.dk\/index.php\/biografi\/\">Biografi<\/a><\/div>\n<\/div>\n<\/div>\n\n\n\n<div class=\"wp-block-column is-layout-flow wp-block-column-is-layout-flow\"><\/div>\n<\/div>\n<\/div><\/div>\n<\/div><\/div>\n\n\n\n<div style=\"height:42px\" aria-hidden=\"true\" class=\"wp-block-spacer\"><\/div>\n\n\n\n<div class=\"wp-block-columns is-layout-flex wp-container-core-columns-is-layout-9d6595d7 wp-block-columns-is-layout-flex\">\n<div class=\"wp-block-column is-layout-flow wp-block-column-is-layout-flow\"><div class=\"wp-block-image icon-style is-style-default\">\n<figure class=\"aligncenter size-large is-resized\"><img loading=\"lazy\" decoding=\"async\" src=\"https:\/\/www.psykedeliskpraksis.dk\/wp-content\/uploads\/2021\/06\/article.png\" alt=\"\" class=\"wp-image-431\" width=\"150\" height=\"150\" title=\"\" srcset=\"https:\/\/www.psykedeliskpraksis.dk\/wp-content\/uploads\/2021\/06\/article.png 300w, https:\/\/www.psykedeliskpraksis.dk\/wp-content\/uploads\/2021\/06\/article-150x150.png 150w\" sizes=\"auto, (max-width: 150px) 100vw, 150px\" \/><\/figure>\n<\/div>\n\n\n<h3 class=\"wp-block-heading has-text-align-center has-neve-text-color-color has-text-color\">Artikler<\/h3>\n\n\n\n<p class=\"has-text-align-center\">Skrifter om forskellige emner indenfor psykedelisk praksis. <em>(under udbygning)<\/em> <\/p>\n<\/div>\n\n\n\n<div class=\"wp-block-column is-layout-flow wp-block-column-is-layout-flow\"><div class=\"wp-block-image icon-style is-style-default\">\n<figure class=\"aligncenter size-large is-resized\"><a href=\"https:\/\/www.psykedeliskpraksis.dk\/index.php\/medier\/\"><img loading=\"lazy\" decoding=\"async\" src=\"https:\/\/www.psykedeliskpraksis.dk\/wp-content\/uploads\/2021\/06\/microphone-green.png\" alt=\"\" class=\"wp-image-428\" width=\"150\" height=\"150\" srcset=\"https:\/\/www.psykedeliskpraksis.dk\/wp-content\/uploads\/2021\/06\/microphone-green.png 640w, https:\/\/www.psykedeliskpraksis.dk\/wp-content\/uploads\/2021\/06\/microphone-green-300x300.png 300w, https:\/\/www.psykedeliskpraksis.dk\/wp-content\/uploads\/2021\/06\/microphone-green-150x150.png 150w\" sizes=\"auto, (max-width: 150px) 100vw, 150px\" \/><\/a><\/figure>\n<\/div>\n\n\n<h3 class=\"wp-block-heading has-text-align-center has-neve-text-color-color has-text-color\"><a href=\"https:\/\/www.psykedeliskpraksis.dk\/index.php\/medier-2\/\" data-type=\"page\" data-id=\"648\">Medier<\/a><\/h3>\n\n\n\n<p class=\"has-text-align-center\">Jeg har medvirket i forskellige medier <br>som repr\u00e6sentant for psykedelika. <\/p>\n<\/div>\n\n\n\n<div class=\"wp-block-column is-layout-flow wp-block-column-is-layout-flow\"><div class=\"wp-block-image icon-style is-style-rounded\">\n<figure class=\"aligncenter size-large is-resized\"><img loading=\"lazy\" decoding=\"async\" src=\"https:\/\/www.psykedeliskpraksis.dk\/wp-content\/uploads\/2021\/06\/questionbrown.png\" alt=\"\" class=\"wp-image-433\" width=\"150\" height=\"150\" srcset=\"https:\/\/www.psykedeliskpraksis.dk\/wp-content\/uploads\/2021\/06\/questionbrown.png 512w, https:\/\/www.psykedeliskpraksis.dk\/wp-content\/uploads\/2021\/06\/questionbrown-300x300.png 300w, https:\/\/www.psykedeliskpraksis.dk\/wp-content\/uploads\/2021\/06\/questionbrown-150x150.png 150w\" sizes=\"auto, (max-width: 150px) 100vw, 150px\" \/><\/figure>\n<\/div>\n\n\n<h3 class=\"wp-block-heading has-text-align-center has-neve-text-color-color has-text-color\"><a href=\"https:\/\/www.psykedeliskpraksis.dk\/index.php\/15c42-web-agency-gb-contact-us\/\" data-type=\"page\" data-id=\"75\">Vejledning<\/a><\/h3>\n\n\n\n<p class=\"has-text-align-center\">Jeg stiller gerne min viden og erfaring til r\u00e5dighed hvis du s\u00f8ger r\u00e5d, afklaring, vejledning, hj\u00e6lp til integration o.a.<\/p>\n<\/div>\n<\/div>\n\n\n\n<div style=\"height:59px\" aria-hidden=\"true\" class=\"wp-block-spacer\"><\/div>\n\n\n\n<div class=\"wp-block-media-text alignwide has-media-on-the-right is-stacked-on-mobile\"><div class=\"wp-block-media-text__content\">\n<h2 class=\"wp-block-heading\">Psychonautics 101<\/h2>\n\n\n\n<p>Efter\u00e5ret 2021 til for\u00e5r 2022 tilb\u00f8d jeg et grundkursus i &#8220;psykonautik&#8221;. Med dette forst\u00e5s en introduktion til forskellige metoder til at udforske og navigere i sin bevidsthed (med psykedelika som en undergruppe), den filosofiske baggrund og forst\u00e5elsesrammer herfor, konkrete \u00f8velser og teknikker inden for mindfulness og kropsbevidsthed, og personlig sparring igennem det 5 m\u00e5neder lange forl\u00f8b.<\/p>\n\n\n\n<p>Kurset blev gennemf\u00f8rt med 10 deltagere. Jeg overvejer nu et opf\u00f8lgende kursus &#8211; skriv til mig hvis du er interesseret.<\/p>\n\n\n\n<div class=\"wp-block-buttons is-layout-flex wp-block-buttons-is-layout-flex\">\n<div class=\"wp-block-button is-style-primary\"><a class=\"wp-block-button__link wp-element-button\" href=\"https:\/\/www.psykedeliskpraksis.dk\/index.php\/psychonautics-101\/\" rel=\"\">Klik her for mere information<\/a><\/div>\n<\/div>\n<\/div><figure class=\"wp-block-media-text__media\"><img loading=\"lazy\" decoding=\"async\" width=\"1024\" height=\"768\" src=\"https:\/\/www.psykedeliskpraksis.dk\/wp-content\/uploads\/2021\/06\/10825100_10152865373301397_680065107_o-1024x768.jpg\" alt=\"\" class=\"wp-image-415 size-full\" srcset=\"https:\/\/www.psykedeliskpraksis.dk\/wp-content\/uploads\/2021\/06\/10825100_10152865373301397_680065107_o-1024x768.jpg 1024w, https:\/\/www.psykedeliskpraksis.dk\/wp-content\/uploads\/2021\/06\/10825100_10152865373301397_680065107_o-300x225.jpg 300w, https:\/\/www.psykedeliskpraksis.dk\/wp-content\/uploads\/2021\/06\/10825100_10152865373301397_680065107_o-768x576.jpg 768w, https:\/\/www.psykedeliskpraksis.dk\/wp-content\/uploads\/2021\/06\/10825100_10152865373301397_680065107_o-1536x1152.jpg 1536w, https:\/\/www.psykedeliskpraksis.dk\/wp-content\/uploads\/2021\/06\/10825100_10152865373301397_680065107_o.jpg 2048w\" sizes=\"auto, (max-width: 1024px) 100vw, 1024px\" \/><\/figure><\/div>\n\n\n\n<div style=\"height:80px\" aria-hidden=\"true\" class=\"wp-block-spacer\"><\/div>\n\n\n\n<div class=\"wp-block-cover alignfull is-light\" style=\"min-height:300px;aspect-ratio:unset;\"><span aria-hidden=\"true\" class=\"wp-block-cover__background has-background-dim-100 has-background-dim has-background-gradient\" style=\"background:linear-gradient(337deg,rgba(2,2,131,0.62) 0%,rgb(40,116,252) 100%)\"><\/span><div class=\"wp-block-cover__inner-container is-layout-flow wp-block-cover-is-layout-flow\">\n<h2 class=\"wp-block-heading has-text-align-center has-nv-text-dark-bg-color has-text-color\"><br>Kontakt<\/h2>\n\n\n\n<p class=\"has-text-align-center has-medium-font-size\">Hvis du har sp\u00f8rgsm\u00e5l, eller \u00f8nsker en personlig samtale, er du velkommen til at udfylde denne formular.<br>Hvis jeg ikke selv kan hj\u00e6lpe dig, kender jeg nok nogen der kan.<\/p>\n\n\n<div class=\"wpforms-container wpforms-container-full wpforms-block wpforms-block-eaf3f5fe-7722-4a8b-b687-e842241ac848\" id=\"wpforms-357\"><form id=\"wpforms-form-357\" class=\"wpforms-validate wpforms-form\" data-formid=\"357\" method=\"post\" enctype=\"multipart\/form-data\" action=\"\/index.php\/wp-json\/wp\/v2\/pages\/307\" data-token=\"6b265839a4881144d947ac1e4e89f9cc\" data-token-time=\"1775506915\"><noscript class=\"wpforms-error-noscript\">Please enable JavaScript in your browser to complete this form.<\/noscript><div class=\"wpforms-field-container\"><div id=\"wpforms-357-field_0-container\" class=\"wpforms-field wpforms-field-name\" data-field-id=\"0\"><label class=\"wpforms-field-label\">Dit navn <span class=\"wpforms-required-label\">*<\/span><\/label><div class=\"wpforms-field-row wpforms-field-medium\"><div class=\"wpforms-field-row-block wpforms-first wpforms-one-half\"><input type=\"text\" id=\"wpforms-357-field_0\" class=\"wpforms-field-name-first wpforms-field-required\" name=\"wpforms[fields][0][first]\" required><label for=\"wpforms-357-field_0\" class=\"wpforms-field-sublabel after\">First<\/label><\/div><div class=\"wpforms-field-row-block wpforms-one-half\"><input type=\"text\" id=\"wpforms-357-field_0-last\" class=\"wpforms-field-name-last wpforms-field-required\" name=\"wpforms[fields][0][last]\" required><label for=\"wpforms-357-field_0-last\" class=\"wpforms-field-sublabel after\">Last<\/label><\/div><\/div><\/div><div id=\"wpforms-357-field_1-container\" class=\"wpforms-field wpforms-field-email\" data-field-id=\"1\"><label class=\"wpforms-field-label\" for=\"wpforms-357-field_1\">Email <span class=\"wpforms-required-label\">*<\/span><\/label><input type=\"email\" id=\"wpforms-357-field_1\" class=\"wpforms-field-medium wpforms-field-required\" name=\"wpforms[fields][1]\" spellcheck=\"false\" required><\/div><div id=\"wpforms-357-field_2-container\" class=\"wpforms-field wpforms-field-textarea\" data-field-id=\"2\"><label class=\"wpforms-field-label\" for=\"wpforms-357-field_2\">Hvad kan jeg hj\u00e6lpe dig med? <span class=\"wpforms-required-label\">*<\/span><\/label><textarea id=\"wpforms-357-field_2\" class=\"wpforms-field-medium wpforms-field-required\" name=\"wpforms[fields][2]\" placeholder=\"Inklud\u00e9r gerne dit telefonnummer hvis du \u00f8nsker en personlig samtale.\" required><\/textarea><div class=\"wpforms-field-description\">NB! Jeg kan ikke hj\u00e6lpe med fremskaffelse af kontrollerede substanser.<\/div><\/div><\/div><!-- .wpforms-field-container --><div class=\"wpforms-recaptcha-container wpforms-is-recaptcha wpforms-is-recaptcha-type-v2\" ><div class=\"g-recaptcha\" data-sitekey=\"6LfZCYQpAAAAAOTVAFdw4_ydEEQLjpDnz9vKmj6a\"><\/div><input type=\"text\" name=\"g-recaptcha-hidden\" class=\"wpforms-recaptcha-hidden\" style=\"position:absolute!important;clip:rect(0,0,0,0)!important;height:1px!important;width:1px!important;border:0!important;overflow:hidden!important;padding:0!important;margin:0!important;\" data-rule-recaptcha=\"1\"><\/div><div class=\"wpforms-submit-container\" ><input type=\"hidden\" name=\"wpforms[id]\" value=\"357\"><input type=\"hidden\" name=\"page_title\" value=\"\"><input type=\"hidden\" name=\"page_url\" value=\"https:\/\/www.psykedeliskpraksis.dk\/index.php\/wp-json\/wp\/v2\/pages\/307\"><input type=\"hidden\" name=\"url_referer\" value=\"\"><button type=\"submit\" name=\"wpforms[submit]\" id=\"wpforms-submit-357\" class=\"wpforms-submit\" data-alt-text=\"Sender...\" data-submit-text=\"Send\" aria-live=\"assertive\" value=\"wpforms-submit\">Send<\/button><\/div><\/form><\/div>  <!-- .wpforms-container -->\n\n\n<p><\/p>\n<\/div><\/div>\n\n\n\n<p><\/p>\n","protected":false},"excerpt":{"rendered":"<p>To me, the principal challenge of psychedelics is how to bring the enlightening experience of unity into the nitty-grittyhere-and-now of day and night and men and women. For that we need a great deal more than psychedelics. Godspeed on your venture. &#8211; Ralph Metzner, 1971 Der er mange forskellige traditioner og tilgange der anvender bevidsthedsudvidende&hellip;&nbsp;<a href=\"https:\/\/www.psykedeliskpraksis.dk\/\" class=\"\" rel=\"bookmark\">Read More &raquo;<span class=\"screen-reader-text\">Psykedelisk Praksis<\/span><\/a><\/p>\n","protected":false},"author":1,"featured_media":0,"parent":0,"menu_order":0,"comment_status":"closed","ping_status":"closed","template":"","meta":{"neve_meta_sidebar":"default","neve_meta_container":"default","neve_meta_enable_content_width":"on","neve_meta_content_width":100,"neve_meta_title_alignment":"","neve_meta_author_avatar":"","neve_post_elements_order":"","neve_meta_disable_header":"off","neve_meta_disable_footer":"","neve_meta_disable_title":"on","footnotes":""},"class_list":["post-307","page","type-page","status-publish","hentry"],"_links":{"self":[{"href":"https:\/\/www.psykedeliskpraksis.dk\/index.php\/wp-json\/wp\/v2\/pages\/307","targetHints":{"allow":["GET"]}}],"collection":[{"href":"https:\/\/www.psykedeliskpraksis.dk\/index.php\/wp-json\/wp\/v2\/pages"}],"about":[{"href":"https:\/\/www.psykedeliskpraksis.dk\/index.php\/wp-json\/wp\/v2\/types\/page"}],"author":[{"embeddable":true,"href":"https:\/\/www.psykedeliskpraksis.dk\/index.php\/wp-json\/wp\/v2\/users\/1"}],"replies":[{"embeddable":true,"href":"https:\/\/www.psykedeliskpraksis.dk\/index.php\/wp-json\/wp\/v2\/comments?post=307"}],"version-history":[{"count":98,"href":"https:\/\/www.psykedeliskpraksis.dk\/index.php\/wp-json\/wp\/v2\/pages\/307\/revisions"}],"predecessor-version":[{"id":671,"href":"https:\/\/www.psykedeliskpraksis.dk\/index.php\/wp-json\/wp\/v2\/pages\/307\/revisions\/671"}],"wp:attachment":[{"href":"https:\/\/www.psykedeliskpraksis.dk\/index.php\/wp-json\/wp\/v2\/media?parent=307"}],"curies":[{"name":"wp","href":"https:\/\/api.w.org\/{rel}","templated":true}]}}